{"id":132,"date":"2020-03-24T19:20:34","date_gmt":"2020-03-24T18:20:34","guid":{"rendered":"http:\/\/wordpress2.restotroc.fr\/?page_id=132"},"modified":"2025-05-27T13:19:13","modified_gmt":"2025-05-27T11:19:13","slug":"traiteur","status":"publish","type":"page","link":"https:\/\/resto-troc.fr\/index.php\/traiteur\/","title":{"rendered":""},"content":{"rendered":"\n<figure class=\"wp-block-image alignwide size-large\"><img loading=\"lazy\" decoding=\"async\" width=\"1024\" height=\"586\" src=\"http:\/\/wordpress2.restotroc.fr\/wp-content\/uploads\/2020\/05\/Bandeau-traiteur-1024x586.jpg\" alt=\"\" class=\"wp-image-361\" srcset=\"https:\/\/resto-troc.fr\/wp-content\/uploads\/2020\/05\/Bandeau-traiteur-1024x586.jpg 1024w, https:\/\/resto-troc.fr\/wp-content\/uploads\/2020\/05\/Bandeau-traiteur-300x172.jpg 300w, https:\/\/resto-troc.fr\/wp-content\/uploads\/2020\/05\/Bandeau-traiteur-768x440.jpg 768w, https:\/\/resto-troc.fr\/wp-content\/uploads\/2020\/05\/Bandeau-traiteur.jpg 1123w\" sizes=\"auto, (max-width: 1024px) 100vw, 1024px\" \/><\/figure>\n\n\n\n<p class=\"has-small-font-size\">Resto-Troc propose aux&nbsp;<strong>associations et collectivit\u00e9s<\/strong>&nbsp;pour leurs \u00e9v\u00e9nements un service de traiteur : buffets froids ou chauds, plateaux repas, petits-d\u00e9jeuners ainsi qu\u2019une offre de cocktails r\u00e9alis\u00e9s enti\u00e8rement \u201cmaison\u201d.<br> <br>Tous les plats sont concoct\u00e9s \u00e0 partir de produits frais par les apprentis cuisiniers et les chefs de Resto-Troc, au sein de notre chantier d\u2019insertion. L\u2019association est en mesure de proposer des formules adapt\u00e9es \u00e0 vos besoins. Une livraison peut \u00eatre propos\u00e9e ainsi qu&rsquo;un service lors de vos \u00e9v\u00e9nements. Dans ce cas, Resto-Troc assure le service gr\u00e2ce \u00e0 un partenariat avec Tremplin Travail.<br> <br>Cette activit\u00e9 remporte un franc succ\u00e8s en raison de la qualit\u00e9 de la prestation. Pour les salari\u00e9s d\u2019insertion, c\u2019est une grande fiert\u00e9 et une valorisation de leur travail. En bonus, cette activit\u00e9 permet d\u2019avoir acc\u00e8s \u00e0 de l\u2019autofinancement en compl\u00e9ment des subventions publiques.<\/p>\n\n\n\n<p class=\"has-text-align-center has-text-color has-small-font-size\" style=\"color:#901823\"><strong>RETROUVEZ NOTRE CARTE TRAITEUR <br>EN CLIQUANT SUR <a href=\"https:\/\/resto-troc.fr\/wp-content\/uploads\/2023\/04\/carte-traiteur.pdf\" target=\"_blank\" rel=\"noreferrer noopener\">CE LIEN<\/a><\/strong><\/p>\n\n\n\n<p class=\"has-small-font-size\">Nous vous proposons un \u00e9ventail complet de prestations convenant \u00e0 votre manifestation.<\/p>\n\n\n\n<p class=\"has-small-font-size\">Faites votre choix et contactez-nous pour r\u00e9server votre prestation au <strong>02 41 73 88 12<\/strong> ou <mark style=\"background-color:rgba(0, 0, 0, 0)\" class=\"has-inline-color has-primary-color\">traiteur@resto-troc.fr<\/mark>.  Nous vous \u00e9tablirons un devis personnalis\u00e9.<\/p>\n\n\n\n<div class=\"wp-block-columns is-layout-flex wp-container-core-columns-is-layout-28f84493 wp-block-columns-is-layout-flex\">\n<div class=\"wp-block-column is-layout-flow wp-block-column-is-layout-flow\">\n<figure class=\"wp-block-image size-large\"><img loading=\"lazy\" decoding=\"async\" width=\"768\" height=\"1024\" src=\"https:\/\/resto-troc.fr\/wp-content\/uploads\/2025\/05\/IMG_20231019_123544-2-768x1024.jpg\" alt=\"\" class=\"wp-image-1123\" srcset=\"https:\/\/resto-troc.fr\/wp-content\/uploads\/2025\/05\/IMG_20231019_123544-2-768x1024.jpg 768w, https:\/\/resto-troc.fr\/wp-content\/uploads\/2025\/05\/IMG_20231019_123544-2-225x300.jpg 225w, https:\/\/resto-troc.fr\/wp-content\/uploads\/2025\/05\/IMG_20231019_123544-2-1152x1536.jpg 1152w, https:\/\/resto-troc.fr\/wp-content\/uploads\/2025\/05\/IMG_20231019_123544-2-1536x2048.jpg 1536w, https:\/\/resto-troc.fr\/wp-content\/uploads\/2025\/05\/IMG_20231019_123544-2-1568x2091.jpg 1568w, https:\/\/resto-troc.fr\/wp-content\/uploads\/2025\/05\/IMG_20231019_123544-2-scaled.jpg 1920w\" sizes=\"auto, (max-width: 768px) 100vw, 768px\" \/><figcaption class=\"wp-element-caption\">Buffet froid \u00e0 la Ressourcerie des biscottes &#8211; Octobre 2023<\/figcaption><\/figure>\n<\/div>\n\n\n\n<div class=\"wp-block-column is-layout-flow wp-block-column-is-layout-flow\">\n<figure class=\"wp-block-image alignfull size-large\"><img loading=\"lazy\" decoding=\"async\" width=\"1024\" height=\"1024\" src=\"https:\/\/resto-troc.fr\/wp-content\/uploads\/2025\/05\/IMG_20230512_130725-2-1024x1024.jpg\" alt=\"\" class=\"wp-image-1124\" srcset=\"https:\/\/resto-troc.fr\/wp-content\/uploads\/2025\/05\/IMG_20230512_130725-2-1024x1024.jpg 1024w, https:\/\/resto-troc.fr\/wp-content\/uploads\/2025\/05\/IMG_20230512_130725-2-300x300.jpg 300w, https:\/\/resto-troc.fr\/wp-content\/uploads\/2025\/05\/IMG_20230512_130725-2-150x150.jpg 150w, https:\/\/resto-troc.fr\/wp-content\/uploads\/2025\/05\/IMG_20230512_130725-2-768x768.jpg 768w, https:\/\/resto-troc.fr\/wp-content\/uploads\/2025\/05\/IMG_20230512_130725-2-1536x1536.jpg 1536w, https:\/\/resto-troc.fr\/wp-content\/uploads\/2025\/05\/IMG_20230512_130725-2-2048x2048.jpg 2048w, https:\/\/resto-troc.fr\/wp-content\/uploads\/2025\/05\/IMG_20230512_130725-2-1568x1568.jpg 1568w\" sizes=\"auto, (max-width: 1024px) 100vw, 1024px\" \/><figcaption class=\"wp-element-caption\">Buffet au Prieur\u00e9 de St R\u00e9mi la Varennes &#8211; Mai 2024<\/figcaption><\/figure>\n<\/div>\n<\/div>\n","protected":false},"excerpt":{"rendered":"<p>Resto-Troc propose aux&nbsp;associations et collectivit\u00e9s&nbsp;pour leurs \u00e9v\u00e9nements un service de traiteur : buffets froids ou chauds, plateaux repas, petits-d\u00e9jeuners ainsi qu\u2019une offre de cocktails r\u00e9alis\u00e9s enti\u00e8rement \u201cmaison\u201d. Tous les plats sont concoct\u00e9s \u00e0 partir de produits frais par les apprentis cuisiniers et les chefs de Resto-Troc, au sein de notre chantier d\u2019insertion. L\u2019association est en<a class=\"more-link\" href=\"https:\/\/resto-troc.fr\/index.php\/traiteur\/\">Lire la suite <\/a><\/p>\n","protected":false},"author":1,"featured_media":0,"parent":0,"menu_order":0,"comment_status":"closed","ping_status":"closed","template":"","meta":{"footnotes":""},"class_list":["post-132","page","type-page","status-publish","hentry","entry"],"_links":{"self":[{"href":"https:\/\/resto-troc.fr\/index.php\/wp-json\/wp\/v2\/pages\/132","targetHints":{"allow":["GET"]}}],"collection":[{"href":"https:\/\/resto-troc.fr\/index.php\/wp-json\/wp\/v2\/pages"}],"about":[{"href":"https:\/\/resto-troc.fr\/index.php\/wp-json\/wp\/v2\/types\/page"}],"author":[{"embeddable":true,"href":"https:\/\/resto-troc.fr\/index.php\/wp-json\/wp\/v2\/users\/1"}],"replies":[{"embeddable":true,"href":"https:\/\/resto-troc.fr\/index.php\/wp-json\/wp\/v2\/comments?post=132"}],"version-history":[{"count":3,"href":"https:\/\/resto-troc.fr\/index.php\/wp-json\/wp\/v2\/pages\/132\/revisions"}],"predecessor-version":[{"id":1125,"href":"https:\/\/resto-troc.fr\/index.php\/wp-json\/wp\/v2\/pages\/132\/revisions\/1125"}],"wp:attachment":[{"href":"https:\/\/resto-troc.fr\/index.php\/wp-json\/wp\/v2\/media?parent=132"}],"curies":[{"name":"wp","href":"https:\/\/api.w.org\/{rel}","templated":true}]}}