{"id":139,"date":"2020-03-24T19:22:10","date_gmt":"2020-03-24T18:22:10","guid":{"rendered":"http:\/\/wordpress2.restotroc.fr\/?page_id=139"},"modified":"2025-12-09T10:13:11","modified_gmt":"2025-12-09T09:13:11","slug":"restaurant","status":"publish","type":"page","link":"https:\/\/resto-troc.fr\/index.php\/restaurant\/","title":{"rendered":""},"content":{"rendered":"\n<figure class=\"wp-block-image alignwide size-large\"><img loading=\"lazy\" decoding=\"async\" width=\"1024\" height=\"586\" src=\"http:\/\/wordpress2.restotroc.fr\/wp-content\/uploads\/2020\/05\/Bandeau-restaurant-1024x586.jpg\" alt=\"\" class=\"wp-image-354\" srcset=\"https:\/\/resto-troc.fr\/wp-content\/uploads\/2020\/05\/Bandeau-restaurant-1024x586.jpg 1024w, https:\/\/resto-troc.fr\/wp-content\/uploads\/2020\/05\/Bandeau-restaurant-300x172.jpg 300w, https:\/\/resto-troc.fr\/wp-content\/uploads\/2020\/05\/Bandeau-restaurant-768x440.jpg 768w, https:\/\/resto-troc.fr\/wp-content\/uploads\/2020\/05\/Bandeau-restaurant.jpg 1123w\" sizes=\"auto, (max-width: 1024px) 100vw, 1024px\" \/><\/figure>\n\n\n\n<p class=\"has-text-align-justify has-small-font-size\">Resto-Troc vous accueille sur r\u00e9servation du lundi au vendredi de 12h \u00e0 14h30. Nous vous proposons un repas \u00e9quilibr\u00e9 (entr\u00e9e, plat, dessert) cuisin\u00e9 par nos \u00e9quipes \u00e0 partir de produits frais.  <\/p>\n\n\n\n<p class=\"has-text-align-justify has-small-font-size\">Resto-Troc est un <strong>restaurant solidaire ouvert \u00e0 tous<\/strong>, o\u00f9 chacun paie selon ses revenus.<br>Nous prenons en compte vos diff\u00e9rents mode de consommation tels que des repas sans porc ou encore des menus all\u00e9g\u00e9s.  Nous veillons \u00e0 favoriser les \u00e9changes avec le public dans un esprit de&nbsp;<strong>convivialit\u00e9 et de solidarit\u00e9<\/strong>. <\/p>\n\n\n\n<p class=\"has-text-align-justify has-small-font-size\">En mangeant \u00e0 Resto-Troc vous participez \u00e0 la<strong>&nbsp;lutte contre le gaspillage<\/strong>&nbsp;et vous permettez \u00e0 des<strong>&nbsp;travailleurs en insertion&nbsp;<\/strong>de b\u00e9n\u00e9ficier d\u2019un emploi.<\/p>\n\n\n\n<p class=\"has-text-align-center has-text-color\" style=\"color:#8c140b\"><strong>TARIFS DES REPAS<\/strong><\/p>\n\n\n\n<p class=\"has-text-align-justify has-small-font-size\">Lors de votre 1<sup>\u00e8re<\/sup> venue, b\u00e9n\u00e9ficiez d\u2019un <strong>tarif d\u00e9couverte \u00e0 5,50 \u20ac.<\/strong><\/p>\n\n\n\n<p class=\"has-small-font-size\">En vous inscrivant \u00e0 l&rsquo;association, vous b\u00e9n\u00e9ficier d\u2019un tarif solidaire allant de 3 \u20ac \u00e0 8 \u20ac en fonction de votre quotient familial.<\/p>\n\n\n\n<p class=\"has-text-align-justify has-small-font-size\">Vous pouvez consulter les tarifs sur <strong><a href=\"https:\/\/resto-troc.fr\/wp-content\/uploads\/2025\/05\/Tarifs-2025-2026.pdf\" target=\"_blank\" rel=\"noreferrer noopener\">ce lien<\/a>.<\/strong><\/p>\n\n\n\n<p class=\"has-text-align-justify has-small-font-size\">R\u00e9servation indispensable au 02 41 73 88 12 ou par mail \u00e0 <a href=\"mailto:contact@resto-troc.fr\">contact@resto-troc.fr<\/a>.<\/p>\n\n\n\n<p class=\"has-text-align-center has-text-color\" style=\"color:#901823\"><strong>ACCUEIL DE GROUPE ET R\u00c9SERVATION DE SALLE DE R\u00c9UNION<\/strong><\/p>\n\n\n\n<p class=\"has-small-font-size\">Nous accueillons les groupes en salle sur r\u00e9servation. Pour vos r\u00e9unions de travail, nous mettons \u00e0 disposition une salle de r\u00e9union pouvant accueillir jusqu&rsquo;\u00e0 15 personnes avec mise \u00e0 disposition d&rsquo;un r\u00e9troprojecteur et d&rsquo;un paper-board. Vous avez \u00e9galement la possibilit\u00e9 de manger sur place.<\/p>\n\n\n\n<p class=\"has-small-font-size\">Consultez nos tarifs de groupe <strong><a href=\"https:\/\/resto-troc.fr\/wp-content\/uploads\/2025\/12\/TARIFS-ACCUEIL-GROUPE-2025.pdf\" target=\"_blank\" rel=\"noreferrer noopener\">ici<\/a><\/strong> et choisissez votre formule.<\/p>\n\n\n\n<p class=\"has-small-font-size\">Pour la location de la salle de r\u00e9union, retrouvez le d\u00e9tail sur ce <a href=\"https:\/\/resto-troc.fr\/wp-content\/uploads\/2025\/12\/Location-salle-de-reunion.jpg\" data-type=\"link\" data-id=\"https:\/\/resto-troc.fr\/wp-content\/uploads\/2023\/12\/Location-salle-de-reunion.pdf\" target=\"_blank\" rel=\"noreferrer noopener\">lien<\/a>.<br><br>Pour plus d&rsquo;informations n&rsquo;h\u00e9sitez pas \u00e0 nous contacter.<\/p>\n\n\n\n<figure class=\"wp-block-image size-full\"><img decoding=\"async\" src=\"https:\/\/resto-troc.fr\/wp-content\/uploads\/2025\/08\/TARIFS-ACCUEIL-GROUPE-2025.jpg\" alt=\"\" class=\"wp-image-1156\"\/><\/figure>\n","protected":false},"excerpt":{"rendered":"<p>Resto-Troc vous accueille sur r\u00e9servation du lundi au vendredi de 12h \u00e0 14h30. Nous vous proposons un repas \u00e9quilibr\u00e9 (entr\u00e9e, plat, dessert) cuisin\u00e9 par nos \u00e9quipes \u00e0 partir de produits frais. Resto-Troc est un restaurant solidaire ouvert \u00e0 tous, o\u00f9 chacun paie selon ses revenus.Nous prenons en compte vos diff\u00e9rents mode de consommation tels que<a class=\"more-link\" href=\"https:\/\/resto-troc.fr\/index.php\/restaurant\/\">Lire la suite <\/a><\/p>\n","protected":false},"author":1,"featured_media":0,"parent":0,"menu_order":0,"comment_status":"closed","ping_status":"closed","template":"","meta":{"footnotes":""},"class_list":["post-139","page","type-page","status-publish","hentry","entry"],"_links":{"self":[{"href":"https:\/\/resto-troc.fr\/index.php\/wp-json\/wp\/v2\/pages\/139","targetHints":{"allow":["GET"]}}],"collection":[{"href":"https:\/\/resto-troc.fr\/index.php\/wp-json\/wp\/v2\/pages"}],"about":[{"href":"https:\/\/resto-troc.fr\/index.php\/wp-json\/wp\/v2\/types\/page"}],"author":[{"embeddable":true,"href":"https:\/\/resto-troc.fr\/index.php\/wp-json\/wp\/v2\/users\/1"}],"replies":[{"embeddable":true,"href":"https:\/\/resto-troc.fr\/index.php\/wp-json\/wp\/v2\/comments?post=139"}],"version-history":[{"count":2,"href":"https:\/\/resto-troc.fr\/index.php\/wp-json\/wp\/v2\/pages\/139\/revisions"}],"predecessor-version":[{"id":1201,"href":"https:\/\/resto-troc.fr\/index.php\/wp-json\/wp\/v2\/pages\/139\/revisions\/1201"}],"wp:attachment":[{"href":"https:\/\/resto-troc.fr\/index.php\/wp-json\/wp\/v2\/media?parent=139"}],"curies":[{"name":"wp","href":"https:\/\/api.w.org\/{rel}","templated":true}]}}