{"id":3,"date":"2020-03-24T12:06:28","date_gmt":"2020-03-24T11:06:28","guid":{"rendered":"http:\/\/wordpress2.restotroc.fr\/?page_id=3"},"modified":"2022-05-04T11:17:21","modified_gmt":"2022-05-04T09:17:21","slug":"politique-de-confidentialite","status":"publish","type":"page","link":"https:\/\/resto-troc.fr\/index.php\/politique-de-confidentialite\/","title":{"rendered":"Politique de confidentialit\u00e9"},"content":{"rendered":"\n<h2 class=\"wp-block-heading\">Qui sommes-nous&nbsp;?<\/h2>\n\n\n\n<p>Le site Web de <a href=\"https:\/\/resto-troc.fr\/\">Resto-Troc<\/a> est h\u00e9berg\u00e9 par <a href=\"https:\/\/www.ionos.fr\/\">Ionos<\/a>.<\/p>\n\n\n\n<h2 class=\"wp-block-heading\">Commentaires<\/h2>\n\n\n\n<p>Quand vous laissez un commentaire sur notre site web, les donn\u00e9es inscrites dans le formulaire de commentaire, mais aussi votre adresse IP et l\u2019agent utilisateur de votre navigateur sont collect\u00e9s pour nous aider \u00e0 la d\u00e9tection des commentaires ind\u00e9sirables.<\/p>\n\n\n\n<h2 class=\"wp-block-heading\">Cookies<\/h2>\n\n\n\n<p>Un cookie est un petit fichier simple envoy\u00e9 avec les pages de ce site web et stock\u00e9 par votre navigateur sur le disque dur de votre ordinateur ou d\u2019un autre appareil. Les informations qui y sont stock\u00e9es peuvent \u00eatre renvoy\u00e9es \u00e0 nos serveurs ou aux serveurs des tierces parties concern\u00e9es lors d\u2019une visite ult\u00e9rieure. Le cookie contient g\u00e9n\u00e9ralement le nom du serveur qui l\u2019a d\u00e9pos\u00e9, un identifiant sous forme de num\u00e9ro unique et une date d\u2019expiration.<\/p>\n\n\n\n<p>Le site resto-troc.fr utilise seulement un cookie fonctionnel.<\/p>\n\n\n\n<p>Pour acc\u00e9der au service Google Maps, vous devez accepter l&rsquo;utilisation de cookies de marketing.<\/p>\n\n\n\n<p>Pour acc\u00e9der au service de notre lettre d&rsquo;information, vous consentez \u00e0 l&rsquo;utilisation d&rsquo;un cookie fonctionnel.<\/p>\n\n\n\n<p>Pour plus d\u2019informations : <a href=\"https:\/\/www.cnil.fr\/fr\/cookies-les-outils-pour-les-maitriser\">https:\/\/www.cnil.fr\/fr\/cookies-les-outils-pour-les-maitriser<\/a>.<\/p>\n\n\n\n<h2 class=\"wp-block-heading\">Contenu embarqu\u00e9 depuis d\u2019autres sites<\/h2>\n\n\n\n<p>Les articles de ce site peuvent inclure des contenus int\u00e9gr\u00e9s (par exemple des vid\u00e9os, images, articles\u2026). Le contenu int\u00e9gr\u00e9 depuis d\u2019autres sites se comporte de la m\u00eame mani\u00e8re que si le visiteur se rendait sur cet autre site.<\/p>\n\n\n\n<p>Ces sites web pourraient collecter des donn\u00e9es sur vous, utiliser des cookies, embarquer des outils de suivis tiers, suivre vos interactions avec ces contenus embarqu\u00e9s si vous disposez d\u2019un compte connect\u00e9 sur leur site web.<\/p>\n\n\n\n<h2 class=\"wp-block-heading\">Dur\u00e9es de stockage de vos donn\u00e9es<\/h2>\n\n\n\n<p>Si vous laissez un commentaire, le commentaire et ses m\u00e9tadonn\u00e9es sont conserv\u00e9s ind\u00e9finiment. Cela permet de reconna\u00eetre et approuver automatiquement les commentaires suivants au lieu de les laisser dans la file de mod\u00e9ration.<\/p>\n\n\n\n<h2 class=\"wp-block-heading\">Les droits que vous avez sur vos donn\u00e9es<\/h2>\n\n\n\n<p>Si vous avez un compte ou si vous avez laiss\u00e9 des commentaires sur le site, vous pouvez demander \u00e0 recevoir un fichier contenant toutes les donn\u00e9es personnelles que nous poss\u00e9dons \u00e0 votre sujet, incluant celles que vous nous avez fournies. Vous pouvez \u00e9galement demander la rectification ou la suppression des donn\u00e9es personnelles vous concernant. Vous pouvez aussi demander la limitation, l&rsquo;opposition ou la portabilit\u00e9 de vos donn\u00e9es. Cela ne prend pas en compte les donn\u00e9es stock\u00e9es \u00e0 des fins administratives, l\u00e9gales ou pour des raisons de s\u00e9curit\u00e9.<\/p>\n\n\n\n<p>Pour toute demande, modification ou retrait, le contact est le suivant&nbsp;: <a href=\"mailto:protection-donnees@resto-troc.fr\">protection-donnees@resto-troc.fr<\/a>.<\/p>\n\n\n\n<h2 class=\"wp-block-heading\">Transmission de vos donn\u00e9es personnelles<\/h2>\n\n\n\n<p>Les commentaires des visiteurs peuvent \u00eatre v\u00e9rifi\u00e9s \u00e0 l\u2019aide du service automatis\u00e9 de d\u00e9tection des commentaires ind\u00e9sirables Antispam Bee.<\/p>\n\n\n\n<p>En vous inscrivant \u00e0 notre Lettre d&rsquo;information, vous consentez \u00e0 l&rsquo;utilisation de vos donn\u00e9es personnelles : pr\u00e9nom, nom et adresse \u00e9lectronique par le service automatis\u00e9 Mailchimp.<\/p>\n","protected":false},"excerpt":{"rendered":"<p>Qui sommes-nous&nbsp;? Le site Web de Resto-Troc est h\u00e9berg\u00e9 par Ionos. Commentaires Quand vous laissez un commentaire sur notre site web, les donn\u00e9es inscrites dans le formulaire de commentaire, mais aussi votre adresse IP et l\u2019agent utilisateur de votre navigateur sont collect\u00e9s pour nous aider \u00e0 la d\u00e9tection des commentaires ind\u00e9sirables. Cookies Un cookie est<a class=\"more-link\" href=\"https:\/\/resto-troc.fr\/index.php\/politique-de-confidentialite\/\">Lire la suite <span class=\"screen-reader-text\">\u00ab\u00a0Politique de confidentialit\u00e9\u00a0\u00bb<\/span><\/a><\/p>\n","protected":false},"author":1,"featured_media":0,"parent":0,"menu_order":1,"comment_status":"closed","ping_status":"open","template":"","meta":{"footnotes":""},"class_list":["post-3","page","type-page","status-publish","hentry","entry"],"_links":{"self":[{"href":"https:\/\/resto-troc.fr\/index.php\/wp-json\/wp\/v2\/pages\/3","targetHints":{"allow":["GET"]}}],"collection":[{"href":"https:\/\/resto-troc.fr\/index.php\/wp-json\/wp\/v2\/pages"}],"about":[{"href":"https:\/\/resto-troc.fr\/index.php\/wp-json\/wp\/v2\/types\/page"}],"author":[{"embeddable":true,"href":"https:\/\/resto-troc.fr\/index.php\/wp-json\/wp\/v2\/users\/1"}],"replies":[{"embeddable":true,"href":"https:\/\/resto-troc.fr\/index.php\/wp-json\/wp\/v2\/comments?post=3"}],"version-history":[{"count":3,"href":"https:\/\/resto-troc.fr\/index.php\/wp-json\/wp\/v2\/pages\/3\/revisions"}],"predecessor-version":[{"id":659,"href":"https:\/\/resto-troc.fr\/index.php\/wp-json\/wp\/v2\/pages\/3\/revisions\/659"}],"wp:attachment":[{"href":"https:\/\/resto-troc.fr\/index.php\/wp-json\/wp\/v2\/media?parent=3"}],"curies":[{"name":"wp","href":"https:\/\/api.w.org\/{rel}","templated":true}]}}