{"id":70,"date":"2020-03-24T18:59:26","date_gmt":"2020-03-24T17:59:26","guid":{"rendered":"http:\/\/wordpress2.restotroc.fr\/?page_id=70"},"modified":"2023-12-13T10:11:22","modified_gmt":"2023-12-13T09:11:22","slug":"le-chantier-dinsertion","status":"publish","type":"page","link":"https:\/\/resto-troc.fr\/index.php\/le-chantier-dinsertion\/","title":{"rendered":""},"content":{"rendered":"\n<figure class=\"wp-block-image alignwide size-large\"><img loading=\"lazy\" decoding=\"async\" width=\"1024\" height=\"586\" src=\"http:\/\/wordpress2.restotroc.fr\/wp-content\/uploads\/2020\/05\/Bandeau-insertion-1024x586.jpg\" alt=\"\" class=\"wp-image-345\" srcset=\"https:\/\/resto-troc.fr\/wp-content\/uploads\/2020\/05\/Bandeau-insertion-1024x586.jpg 1024w, https:\/\/resto-troc.fr\/wp-content\/uploads\/2020\/05\/Bandeau-insertion-300x172.jpg 300w, https:\/\/resto-troc.fr\/wp-content\/uploads\/2020\/05\/Bandeau-insertion-768x440.jpg 768w, https:\/\/resto-troc.fr\/wp-content\/uploads\/2020\/05\/Bandeau-insertion.jpg 1123w\" sizes=\"auto, (max-width: 1024px) 100vw, 1024px\" \/><\/figure>\n\n\n\n<p class=\"has-text-align-justify has-small-font-size\">Les chantiers d\u2019insertion sont des dispositifs relevant de l\u2019insertion par l\u2019activit\u00e9 \u00e9conomique, conventionn\u00e9s par l\u2019\u00c9tat, qui ont pour objet l\u2019embauche de personnes sans emploi rencontrant des difficult\u00e9s sociales et professionnelles particuli\u00e8res.  Les personnes ainsi embauch\u00e9es sont titulaires d\u2019un v\u00e9ritable contrat de travail (contrat \u00e0 dur\u00e9e d\u00e9termin\u00e9e d\u2019insertion &#8211; CDDI). Le chantier b\u00e9n\u00e9ficie d\u2019une aide de l\u2019\u00c9tat pour payer les salari\u00e9s. <\/p>\n\n\n\n<p class=\"has-text-align-justify has-small-font-size\">Le chantier organise le suivi, l\u2019accompagnement, l\u2019encadrement technique et la formation de ses salari\u00e9s en vue de <strong>faciliter leur insertion sociale<\/strong> et de rechercher les <strong>conditions d\u2019une insertion professionnelle durable<\/strong>.  Ils doivent \u00eatre b\u00e9n\u00e9ficiaires du RSA, et avoir un projet dans le domaine de la restauration \u00e9largie. <\/p>\n\n\n\n<p class=\"has-text-align-center has-text-color has-normal-font-size\" style=\"color:#8c140b\"> <strong>EMPLOI INSERTION A RESTO TROC<\/strong><\/p>\n\n\n\n<p class=\"has-text-align-justify has-small-font-size\">Notre support d\u2019activit\u00e9 principale est la cuisine, mais les salari\u00e9s ont la possibilit\u00e9 de pratiquer le service en salle, l\u2019entretien du linge et des locaux, la p\u00e2tisserie ou le traiteur.  Les salari\u00e9s sont form\u00e9s par deux encadrants techniques et suivis individuellement par un conseiller en insertion professionnelle qui les accompagne dans leur projet de vie. <\/p>\n\n\n\n<p class=\"has-text-align-justify has-small-font-size\">Resto-Troc est conventionn\u00e9 pour <strong>14 postes<\/strong>. Chaque contrat ne peut pas exc\u00e9der 2 ans. En raison de la rotation du personnel, nous avons une moyenne de 25 salari\u00e9s par an qui travaillent chez nous et\u00a0b\u00e9n\u00e9ficient d\u2019un suivi socio-professionnel.<\/p>\n\n\n\n<p class=\"has-text-align-justify has-small-font-size\">Vous avez envie de vous former dans l\u2019univers de la cuisine et de rejoindre notre \u00e9quipe ? Resto-Troc vous accompagne dans votre projet du d\u00e9but \u00e0 la fin !  <\/p>\n\n\n\n<figure class=\"wp-block-embed is-type-video is-provider-youtube wp-block-embed-youtube wp-embed-aspect-16-9 wp-has-aspect-ratio\"><div class=\"wp-block-embed__wrapper\">\n<iframe loading=\"lazy\" title=\"Angers : Jean-Marie et le Resto-Troc\" width=\"750\" height=\"422\" src=\"https:\/\/www.youtube.com\/embed\/ADnZ_MYN4x8?feature=oembed\" frameborder=\"0\" allow=\"accelerometer; autoplay; clipboard-write; encrypted-media; gyroscope; picture-in-picture; web-share\" allowfullscreen><\/iframe>\n<\/div><\/figure>\n","protected":false},"excerpt":{"rendered":"<p>Les chantiers d\u2019insertion sont des dispositifs relevant de l\u2019insertion par l\u2019activit\u00e9 \u00e9conomique, conventionn\u00e9s par l\u2019\u00c9tat, qui ont pour objet l\u2019embauche de personnes sans emploi rencontrant des difficult\u00e9s sociales et professionnelles particuli\u00e8res. Les personnes ainsi embauch\u00e9es sont titulaires d\u2019un v\u00e9ritable contrat de travail (contrat \u00e0 dur\u00e9e d\u00e9termin\u00e9e d\u2019insertion &#8211; CDDI). Le chantier b\u00e9n\u00e9ficie d\u2019une aide de<a class=\"more-link\" href=\"https:\/\/resto-troc.fr\/index.php\/le-chantier-dinsertion\/\">Lire la suite <\/a><\/p>\n","protected":false},"author":1,"featured_media":0,"parent":0,"menu_order":0,"comment_status":"closed","ping_status":"closed","template":"","meta":{"footnotes":""},"class_list":["post-70","page","type-page","status-publish","hentry","entry"],"_links":{"self":[{"href":"https:\/\/resto-troc.fr\/index.php\/wp-json\/wp\/v2\/pages\/70","targetHints":{"allow":["GET"]}}],"collection":[{"href":"https:\/\/resto-troc.fr\/index.php\/wp-json\/wp\/v2\/pages"}],"about":[{"href":"https:\/\/resto-troc.fr\/index.php\/wp-json\/wp\/v2\/types\/page"}],"author":[{"embeddable":true,"href":"https:\/\/resto-troc.fr\/index.php\/wp-json\/wp\/v2\/users\/1"}],"replies":[{"embeddable":true,"href":"https:\/\/resto-troc.fr\/index.php\/wp-json\/wp\/v2\/comments?post=70"}],"version-history":[{"count":3,"href":"https:\/\/resto-troc.fr\/index.php\/wp-json\/wp\/v2\/pages\/70\/revisions"}],"predecessor-version":[{"id":885,"href":"https:\/\/resto-troc.fr\/index.php\/wp-json\/wp\/v2\/pages\/70\/revisions\/885"}],"wp:attachment":[{"href":"https:\/\/resto-troc.fr\/index.php\/wp-json\/wp\/v2\/media?parent=70"}],"curies":[{"name":"wp","href":"https:\/\/api.w.org\/{rel}","templated":true}]}}